{"id":12,"date":"2021-11-30T08:04:50","date_gmt":"2021-11-30T08:04:50","guid":{"rendered":"https:\/\/sarai.igme.es\/?page_id=12"},"modified":"2024-04-15T08:45:18","modified_gmt":"2024-04-15T08:45:18","slug":"inicio","status":"publish","type":"page","link":"https:\/\/sarai.igme.es\/","title":{"rendered":"Inicio"},"content":{"rendered":"\n<div style=\"height:20px\" aria-hidden=\"true\" class=\"wp-block-spacer\"><\/div>\n\n\n\n<div class=\"wp-block-cover alignfull is-light has-parallax has-custom-content-position is-position-bottom-center\" style=\"min-height:250px;aspect-ratio:unset;\"><span aria-hidden=\"true\" class=\"wp-block-cover__background has-background-dim\"><\/span><div class=\"wp-block-cover__image-background wp-image-964 has-parallax\" style=\"background-position:51% 97%;background-image:url(https:\/\/sarai.igme.es\/wp-content\/uploads\/portada_big2-e1639900870377.jpg)\"><\/div><div class=\"wp-block-cover__inner-container is-layout-flow wp-block-cover-is-layout-flow\">\n<p class=\"has-ast-global-color-5-color has-text-color has-huge-font-size\">Proyecto SARAI<\/p>\n\n\n\n<p class=\"has-text-align-center has-ast-global-color-5-color has-text-color\" style=\"font-size:18px\">Hacia una explotaci\u00f3n inteligente de los datos de movimientos del terreno para la prevenci\u00f3n y mitigaci\u00f3n de riesgos geol\u00f3gico-geot\u00e9cnicos. <\/p>\n<\/div><\/div>\n\n\n\n<div style=\"height:30px\" aria-hidden=\"true\" class=\"wp-block-spacer\"><\/div>\n\n\n\n<p class=\"has-text-align-center has-medium-font-size\"><strong><strong>Proyectos PID2020-116540RB-C21 y PID2020-116540RB-C22 financiados por MCIN\/ AEI \/10.13039\/501100011033<\/strong><\/strong><\/p>\n\n\n\n<div style=\"height:30px\" aria-hidden=\"true\" class=\"wp-block-spacer\"><\/div>\n\n\n\n<div class=\"wp-block-media-text is-stacked-on-mobile\"><figure class=\"wp-block-media-text__media\"><img decoding=\"async\" width=\"1024\" height=\"198\" src=\"https:\/\/sarai.igme.es\/wp-content\/uploads\/ministerio_ciencia_logo-1024x198.jpg\" alt=\"\" class=\"wp-image-907 size-large\" srcset=\"https:\/\/sarai.igme.es\/wp-content\/uploads\/ministerio_ciencia_logo-1024x198.jpg 1024w, https:\/\/sarai.igme.es\/wp-content\/uploads\/ministerio_ciencia_logo-300x58.jpg 300w, https:\/\/sarai.igme.es\/wp-content\/uploads\/ministerio_ciencia_logo-150x29.jpg 150w, https:\/\/sarai.igme.es\/wp-content\/uploads\/ministerio_ciencia_logo-768x149.jpg 768w, https:\/\/sarai.igme.es\/wp-content\/uploads\/ministerio_ciencia_logo.jpg 1300w\" sizes=\"(max-width: 1024px) 100vw, 1024px\" \/><\/figure><div class=\"wp-block-media-text__content\">\n<p class=\"has-ast-global-color-8-color has-text-color\" style=\"font-size:30px\">Organismo financiador<\/p>\n\n\n\n<p class=\"has-ast-global-color-0-color has-text-color\" style=\"font-size:16px\"><a href=\"https:\/\/www.ciencia.gob.es\/\" target=\"_blank\" rel=\"noreferrer noopener\">Ministerio de Ciencia e Innovaci\u00f3n<\/a><\/p>\n<\/div><\/div>\n\n\n\n<div style=\"height:50px\" aria-hidden=\"true\" class=\"wp-block-spacer\"><\/div>\n\n\n\n<div class=\"wp-block-media-text has-media-on-the-right is-stacked-on-mobile\"><div class=\"wp-block-media-text__content\">\n<p class=\"has-ast-global-color-8-color has-text-color\" style=\"font-size:30px\">Organismos colaboradores<\/p>\n\n\n\n<p class=\"has-ast-global-color-0-color has-text-color\" style=\"font-size:16px\"><a href=\"https:\/\/www.cttc.cat\/\" target=\"_blank\" rel=\"noreferrer noopener\">Centro Tecnol\u00f2gic de Telecomunicacions de Catalunya<\/a><\/p>\n\n\n\n<p class=\"has-ast-global-color-0-color has-text-color\" style=\"font-size:16px\"><a href=\"https:\/\/www.igme.es\" target=\"_blank\" rel=\"noreferrer noopener\">C.N. Instituto Geol\u00f3gico y Minero de Espa\u00f1a &#8211; CSIC<\/a><\/p>\n<\/div><figure class=\"wp-block-media-text__media\"><img decoding=\"async\" width=\"768\" height=\"370\" src=\"https:\/\/sarai.igme.es\/wp-content\/uploads\/participantes_mod-768x370.png\" alt=\"Instituciones que trabajan en SARAI\" class=\"wp-image-1151 size-medium_large\" srcset=\"https:\/\/sarai.igme.es\/wp-content\/uploads\/participantes_mod-768x370.png 768w, https:\/\/sarai.igme.es\/wp-content\/uploads\/participantes_mod-300x144.png 300w, https:\/\/sarai.igme.es\/wp-content\/uploads\/participantes_mod-150x72.png 150w, https:\/\/sarai.igme.es\/wp-content\/uploads\/participantes_mod-500x241.png 500w, https:\/\/sarai.igme.es\/wp-content\/uploads\/participantes_mod.png 806w\" sizes=\"(max-width: 768px) 100vw, 768px\" \/><\/figure><\/div>\n\n\n\n<div style=\"height:30px\" aria-hidden=\"true\" class=\"wp-block-spacer\"><\/div>\n\n\n\n<p class=\"has-drop-cap\">El campo de la <strong>observaci\u00f3n por sat\u00e9lite aplicado a los riesgos geol\u00f3gicos<\/strong> ha experimentado un importante desarrollo en los \u00faltimos a\u00f1os. En Europa, el <strong>Programa Copernicus de la UE<\/strong> ha hecho un gran esfuerzo para consolidar este campo como una soluci\u00f3n operativa para el <strong>seguimiento de los fen\u00f3menos terrestres<\/strong>. El pr\u00f3ximo <strong>Copernicus European Ground Motion Service (EGMS)<\/strong> proporcionar\u00e1 <strong>anualmente un mapa de desplazamiento terrestre<\/strong> actualizado de toda Europa, derivado de an\u00e1lisis de series temporales de datos Sentinel-1 (<a href=\"https:\/\/land.copernicus.eu\/pan-european\/ european-ground-motion-service\">https:\/\/land.copernicus.eu\/pan-european\/ european-ground-motion-service<\/a>). Esto motivar\u00e1 la necesidad de mejorar la explotaci\u00f3n de los productos Sentinel-1, as\u00ed como las llamadas im\u00e1genes SAR de alta resoluci\u00f3n proporcionadas por constelaciones como el TerraSAR-X\/PAZ (SAR Observation Spanish Satellite). El <strong>proyecto SARAI<\/strong> contribuir\u00e1 a este marco <strong>mejorando y desarrollando diferentes t\u00e9cnicas de procesamiento<\/strong> (subproyecto 1) <strong>y post-procesamiento<\/strong> (subproyecto 2).<\/p>\n\n\n\n<div style=\"height:20px\" aria-hidden=\"true\" class=\"wp-block-spacer\"><\/div>\n\n\n\n<figure class=\"wp-block-image aligncenter size-1536x1536 is-resized\"><img decoding=\"async\" width=\"1536\" height=\"1090\" src=\"https:\/\/sarai.igme.es\/wp-content\/uploads\/grafico_de_home_mod-1536x1090.png\" alt=\"Instituciones participantes en SARAI\" class=\"wp-image-1157\" style=\"width:1152px;height:818px\" srcset=\"https:\/\/sarai.igme.es\/wp-content\/uploads\/grafico_de_home_mod-1536x1090.png 1536w, https:\/\/sarai.igme.es\/wp-content\/uploads\/grafico_de_home_mod-300x213.png 300w, https:\/\/sarai.igme.es\/wp-content\/uploads\/grafico_de_home_mod-1024x727.png 1024w, https:\/\/sarai.igme.es\/wp-content\/uploads\/grafico_de_home_mod-150x106.png 150w, https:\/\/sarai.igme.es\/wp-content\/uploads\/grafico_de_home_mod-768x545.png 768w, https:\/\/sarai.igme.es\/wp-content\/uploads\/grafico_de_home_mod-2048x1454.png 2048w, https:\/\/sarai.igme.es\/wp-content\/uploads\/grafico_de_home_mod-500x355.png 500w\" sizes=\"(max-width: 1536px) 100vw, 1536px\" \/><\/figure>\n\n\n\n<p class=\"has-text-align-center has-small-font-size\"><em>Subproyectos de SARAI.<\/em><\/p>\n\n\n\n<div style=\"height:100px\" aria-hidden=\"true\" class=\"wp-block-spacer\"><\/div>\n","protected":false},"excerpt":{"rendered":"<p>Proyectos PID2020-116540RB-C21 y PID2020-116540RB-C22 financiados por MCIN\/ AEI \/10.13039\/501100011033 Organismo financiador Ministerio de Ciencia e Innovaci\u00f3n Organismos colaboradores Centro Tecnol\u00f2gic de Telecomunicacions de Catalunya C.N. Instituto Geol\u00f3gico y Minero de Espa\u00f1a &#8211; CSIC El campo de la observaci\u00f3n por sat\u00e9lite aplicado a los riesgos geol\u00f3gicos ha experimentado un importante desarrollo en los \u00faltimos a\u00f1os. En [&hellip;]<\/p>\n","protected":false},"author":1,"featured_media":0,"parent":0,"menu_order":0,"comment_status":"closed","ping_status":"closed","template":"","meta":{"_uag_custom_page_level_css":"","site-sidebar-layout":"no-sidebar","site-content-layout":"plain-container","ast-site-content-layout":"normal-width-container","site-content-style":"unboxed","site-sidebar-style":"unboxed","ast-global-header-display":"","ast-banner-title-visibility":"","ast-main-header-display":"","ast-hfb-above-header-display":"","ast-hfb-below-header-display":"","ast-hfb-mobile-header-display":"","site-post-title":"disabled","ast-breadcrumbs-content":"","ast-featured-img":"","footer-sml-layout":"","ast-disable-related-posts":"","theme-transparent-header-meta":"","adv-header-id-meta":"","stick-header-meta":"","header-above-stick-meta":"","header-main-stick-meta":"","header-below-stick-meta":"","astra-migrate-meta-layouts":"set","ast-page-background-enabled":"default","ast-page-background-meta":{"desktop":{"background-color":"var(--ast-global-color-4)","background-image":"","background-repeat":"repeat","background-position":"center center","background-size":"auto","background-attachment":"scroll","background-type":"","background-media":"","overlay-type":"","overlay-color":"","overlay-opacity":"","overlay-gradient":""},"tablet":{"background-color":"","background-image":"","background-repeat":"repeat","background-position":"center center","background-size":"auto","background-attachment":"scroll","background-type":"","background-media":"","overlay-type":"","overlay-color":"","overlay-opacity":"","overlay-gradient":""},"mobile":{"background-color":"","background-image":"","background-repeat":"repeat","background-position":"center center","background-size":"auto","background-attachment":"scroll","background-type":"","background-media":"","overlay-type":"","overlay-color":"","overlay-opacity":"","overlay-gradient":""}},"ast-content-background-meta":{"desktop":{"background-color":"var(--ast-global-color-5)","background-image":"","background-repeat":"repeat","background-position":"center center","background-size":"auto","background-attachment":"scroll","background-type":"","background-media":"","overlay-type":"","overlay-color":"","overlay-opacity":"","overlay-gradient":""},"tablet":{"background-color":"var(--ast-global-color-5)","background-image":"","background-repeat":"repeat","background-position":"center center","background-size":"auto","background-attachment":"scroll","background-type":"","background-media":"","overlay-type":"","overlay-color":"","overlay-opacity":"","overlay-gradient":""},"mobile":{"background-color":"var(--ast-global-color-5)","background-image":"","background-repeat":"repeat","background-position":"center center","background-size":"auto","background-attachment":"scroll","background-type":"","background-media":"","overlay-type":"","overlay-color":"","overlay-opacity":"","overlay-gradient":""}},"footnotes":""},"class_list":["post-12","page","type-page","status-publish","hentry"],"featured_image_src":null,"uagb_featured_image_src":{"full":false,"thumbnail":false,"medium":false,"medium_large":false,"large":false,"1536x1536":false,"2048x2048":false},"uagb_author_info":{"display_name":"saraiadm","author_link":"https:\/\/sarai.igme.es\/index.php\/author\/saraiadm\/"},"uagb_comment_info":0,"uagb_excerpt":"Proyectos PID2020-116540RB-C21 y PID2020-116540RB-C22 financiados por MCIN\/ AEI \/10.13039\/501100011033 Organismo financiador Ministerio de Ciencia e Innovaci\u00f3n Organismos colaboradores Centro Tecnol\u00f2gic de Telecomunicacions de Catalunya C.N. Instituto Geol\u00f3gico y Minero de Espa\u00f1a &#8211; CSIC El campo de la observaci\u00f3n por sat\u00e9lite aplicado a los riesgos geol\u00f3gicos ha experimentado un importante desarrollo en los \u00faltimos a\u00f1os. En&hellip;","_links":{"self":[{"href":"https:\/\/sarai.igme.es\/index.php\/wp-json\/wp\/v2\/pages\/12","targetHints":{"allow":["GET"]}}],"collection":[{"href":"https:\/\/sarai.igme.es\/index.php\/wp-json\/wp\/v2\/pages"}],"about":[{"href":"https:\/\/sarai.igme.es\/index.php\/wp-json\/wp\/v2\/types\/page"}],"author":[{"embeddable":true,"href":"https:\/\/sarai.igme.es\/index.php\/wp-json\/wp\/v2\/users\/1"}],"replies":[{"embeddable":true,"href":"https:\/\/sarai.igme.es\/index.php\/wp-json\/wp\/v2\/comments?post=12"}],"version-history":[{"count":105,"href":"https:\/\/sarai.igme.es\/index.php\/wp-json\/wp\/v2\/pages\/12\/revisions"}],"predecessor-version":[{"id":1714,"href":"https:\/\/sarai.igme.es\/index.php\/wp-json\/wp\/v2\/pages\/12\/revisions\/1714"}],"wp:attachment":[{"href":"https:\/\/sarai.igme.es\/index.php\/wp-json\/wp\/v2\/media?parent=12"}],"curies":[{"name":"wp","href":"https:\/\/api.w.org\/{rel}","templated":true}]}}