{"id":34,"date":"2021-11-30T08:44:26","date_gmt":"2021-11-30T08:44:26","guid":{"rendered":"https:\/\/sarai.igme.es\/?page_id=34"},"modified":"2022-01-17T07:09:15","modified_gmt":"2022-01-17T07:09:15","slug":"work-packages","status":"publish","type":"page","link":"https:\/\/sarai.igme.es\/index.php\/work-packages\/","title":{"rendered":"Work packages"},"content":{"rendered":"\n<div class=\"wp-block-image\"><figure class=\"aligncenter size-2048x2048\"><img decoding=\"async\" width=\"2048\" height=\"288\" src=\"https:\/\/sarai.igme.es\/wp-content\/uploads\/timeline_sarai_banner-2048x288.png\" alt=\"\" class=\"wp-image-1099\" srcset=\"https:\/\/sarai.igme.es\/wp-content\/uploads\/timeline_sarai_banner-2048x288.png 2048w, https:\/\/sarai.igme.es\/wp-content\/uploads\/timeline_sarai_banner-300x42.png 300w, https:\/\/sarai.igme.es\/wp-content\/uploads\/timeline_sarai_banner-1024x144.png 1024w, https:\/\/sarai.igme.es\/wp-content\/uploads\/timeline_sarai_banner-150x21.png 150w, https:\/\/sarai.igme.es\/wp-content\/uploads\/timeline_sarai_banner-768x108.png 768w, https:\/\/sarai.igme.es\/wp-content\/uploads\/timeline_sarai_banner-1536x216.png 1536w, https:\/\/sarai.igme.es\/wp-content\/uploads\/timeline_sarai_banner-500x70.png 500w\" sizes=\"(max-width: 2048px) 100vw, 2048px\" \/><\/figure><\/div>\n\n\n\n<div style=\"height:20px\" aria-hidden=\"true\" id=\"up\" class=\"wp-block-spacer\"><\/div>\n\n\n\n<p>The duration of the SARAI project will be four years. The project activities are organized in seven work packages (WPs):<\/p>\n\n\n\n<div class=\"wp-block-uagb-tabs uagb-block-598c4e5c uagb-tabs__wrap uagb-tabs__hstyle3-desktop uagb-tabs__vstyle6-tablet uagb-tabs__vstyle6-mobile\" data-tab-active=\"0\"><ul class=\"uagb-tabs__panel uagb-tabs__align-left\"><li class=\"uagb-tab uagb-tabs__active\"><a href=\"#uagb-tabs__tab0\" class=\"uagb-tabs-list uagb-tabs__icon-position-left\" data-tab=\"0\"><span>WP1<\/span><\/a><\/li><li class=\"uagb-tab \"><a href=\"#uagb-tabs__tab1\" class=\"uagb-tabs-list uagb-tabs__icon-position-left\" data-tab=\"1\"><span>WP2<\/span><\/a><\/li><li class=\"uagb-tab \"><a href=\"#uagb-tabs__tab2\" class=\"uagb-tabs-list uagb-tabs__icon-position-left\" data-tab=\"2\"><span>WP3<\/span><\/a><\/li><li class=\"uagb-tab \"><a href=\"#uagb-tabs__tab3\" class=\"uagb-tabs-list uagb-tabs__icon-position-left\" data-tab=\"3\"><span>WP4<\/span><\/a><\/li><li class=\"uagb-tab \"><a href=\"#uagb-tabs__tab4\" class=\"uagb-tabs-list uagb-tabs__icon-position-left\" data-tab=\"4\"><span>WP5<\/span><\/a><\/li><li class=\"uagb-tab \"><a href=\"#uagb-tabs__tab5\" class=\"uagb-tabs-list uagb-tabs__icon-position-left\" data-tab=\"5\"><span>WP6<\/span><\/a><\/li><li class=\"uagb-tab \"><a href=\"#uagb-tabs__tab6\" class=\"uagb-tabs-list uagb-tabs__icon-position-left\" data-tab=\"6\"><span>WP7<\/span><\/a><\/li><\/ul><div class=\"uagb-tabs__body-wrap\">\n<div class=\"wp-block-uagb-tabs-child uagb-tabs__body-container uagb-tabs__inner-tab uagb-inner-tab-0\"><div class=\"uagb-blocks__563a0908 uagb-tabs__body\" aria-labelledby=\"uagb-tabs__tab0\">\n<p class=\"has-medium-font-size\"><strong>Project management (CTTC)<\/strong><\/p>\n\n\n\n<section class=\"wp-block-uagb-columns uagb-columns__wrap uagb-columns__background-undefined uagb-columns__stack-mobile uagb-columns__valign-undefined uagb-columns__gap-5 alignundefined uagb-block-62d3bdca\"><div class=\"uagb-columns__overlay\"><\/div><div class=\"uagb-columns__inner-wrap uagb-columns__columns-3\">\n<div class=\"wp-block-uagb-column uagb-column__wrap uagb-column__background-undefined uagb-block-d119c34c\"><div class=\"uagb-column__overlay\"><\/div><div class=\"uagb-column__inner-wrap\">\n<ul class=\"wp-block-list\"><li><strong>Responsible:<\/strong> OMH.<\/li><li><strong>Participants:<\/strong> MC, MBP.<\/li><li><strong>Start time:<\/strong> T1<\/li><li><strong>Duration:<\/strong> 48 months<\/li><\/ul>\n\n\n\n<p><\/p>\n<\/div><\/div>\n\n\n\n<div class=\"wp-block-uagb-column uagb-column__wrap uagb-column__background-undefined uagb-block-2a4186f7\"><div class=\"uagb-column__overlay\"><\/div><div class=\"uagb-column__inner-wrap\">\n<p>The objective of this WP is effective management, supervision, and coordination of the project. This will include administrative, economic, and technical aspects. The administrative deliverables of the project will be managed in WP1. <\/p>\n<\/div><\/div>\n\n\n\n<div class=\"wp-block-uagb-column uagb-column__wrap uagb-column__background-undefined uagb-block-7d464ce2\"><div class=\"uagb-column__overlay\"><\/div><div class=\"uagb-column__inner-wrap\">\n<p><strong>Resources: <\/strong><\/p>\n\n\n\n<ul class=\"wp-block-list\"><li>principal investigators and project management team of CTTC and IGME.<\/li><\/ul>\n<\/div><\/div>\n<\/div><\/section>\n<\/div><\/div>\n\n\n\n<div class=\"wp-block-uagb-tabs-child uagb-tabs__body-container uagb-tabs__inner-tab uagb-inner-tab-1\"><div class=\"uagb-blocks__4d1e7ee1 uagb-tabs__body\" aria-labelledby=\"uagb-tabs__tab1\">\n<p class=\"has-medium-font-size\"><strong>Development of DInSAR and PSI tools (CTTC).<\/strong><\/p>\n\n\n\n<section class=\"wp-block-uagb-columns uagb-columns__wrap uagb-columns__background-undefined uagb-columns__stack-mobile uagb-columns__valign-undefined uagb-columns__gap-5 alignundefined uagb-block-0927b446\"><div class=\"uagb-columns__overlay\"><\/div><div class=\"uagb-columns__inner-wrap uagb-columns__columns-3\">\n<div class=\"wp-block-uagb-column uagb-column__wrap uagb-column__background-undefined uagb-block-878e1050\"><div class=\"uagb-column__overlay\"><\/div><div class=\"uagb-column__inner-wrap\">\n<ul class=\"wp-block-list\"><li><strong>Responsible:<\/strong> OMH.<\/li><li><strong>Participants:<\/strong> MC, MBP, RP, JN, BC, MM, MMl, NO.<\/li><li><strong>Start time:<\/strong> T1<\/li><li><strong>Duration:<\/strong> 36 months<\/li><\/ul>\n\n\n\n<p><\/p>\n<\/div><\/div>\n\n\n\n<div class=\"wp-block-uagb-column uagb-column__wrap uagb-column__background-undefined uagb-block-133ea328\"><div class=\"uagb-column__overlay\"><\/div><div class=\"uagb-column__inner-wrap\">\n<p>This is the first step of the project, which addresses fundamental research topics of deformation monitoring using DInSAR and PSI techniques.<\/p>\n<\/div><\/div>\n\n\n\n<div class=\"wp-block-uagb-column uagb-column__wrap uagb-column__background-undefined uagb-block-b131e61d\"><div class=\"uagb-column__overlay\"><\/div><div class=\"uagb-column__inner-wrap\">\n<p><strong>Resources: <\/strong><\/p>\n\n\n\n<p>(i) project participants; (ii) DInSAR and PSI tools, procedures, and documentation of CTTC; (iii) advanced remote sensing tools; (iv) several SAR datasets (X- and C-band); (v) active and passive corner reflectors.<\/p>\n<\/div><\/div>\n<\/div><\/section>\n<\/div><\/div>\n\n\n\n<div class=\"wp-block-uagb-tabs-child uagb-tabs__body-container uagb-tabs__inner-tab uagb-inner-tab-2\"><div class=\"uagb-blocks__40e397c5 uagb-tabs__body\" aria-labelledby=\"uagb-tabs__tab2\">\n<p class=\"has-medium-font-size\"><strong>Tools to exploit EGMS and EPOS products (CTTC\/IGME).<\/strong><\/p>\n\n\n\n<section class=\"wp-block-uagb-columns uagb-columns__wrap uagb-columns__background-undefined uagb-columns__stack-mobile uagb-columns__valign-undefined uagb-columns__gap-5 alignundefined uagb-block-b403e2d3\"><div class=\"uagb-columns__overlay\"><\/div><div class=\"uagb-columns__inner-wrap uagb-columns__columns-3\">\n<div class=\"wp-block-uagb-column uagb-column__wrap uagb-column__background-undefined uagb-block-ae14f003\"><div class=\"uagb-column__overlay\"><\/div><div class=\"uagb-column__inner-wrap\">\n<ul class=\"wp-block-list\"><li><strong>Responsible:<\/strong> MC.<\/li><li><strong>Participants:<\/strong> OMH, MBP, HAA, JN, EP, BC, RP.<\/li><li><strong>Start time:<\/strong> T1<\/li><li><strong>Duration:<\/strong> 48 months<\/li><\/ul>\n\n\n\n<p><\/p>\n<\/div><\/div>\n\n\n\n<div class=\"wp-block-uagb-column uagb-column__wrap uagb-column__background-undefined uagb-block-63b518bf\"><div class=\"uagb-column__overlay\"><\/div><div class=\"uagb-column__inner-wrap\">\n<p>Develop tools to integrate\/exploit the InSAR products coming from the European Ground Motion Service (EGMS) and EPOS.<\/p>\n<\/div><\/div>\n\n\n\n<div class=\"wp-block-uagb-column uagb-column__wrap uagb-column__background-undefined uagb-block-7430d981\"><div class=\"uagb-column__overlay\"><\/div><div class=\"uagb-column__inner-wrap\">\n<p><strong>Resources: <\/strong><\/p>\n\n\n\n<p>(i) project participants; (ii) existing DInSAR and PSI tools, procedures, and documentation of CTTC; (iii) advanced remote sensing tools of CTTC; (iv) several SAR datasets (X- and C-band); (v) InSAR-derived deformation database from WP4.<\/p>\n<\/div><\/div>\n<\/div><\/section>\n<\/div><\/div>\n\n\n\n<div class=\"wp-block-uagb-tabs-child uagb-tabs__body-container uagb-tabs__inner-tab uagb-inner-tab-3\"><div class=\"uagb-blocks__b47b59a4 uagb-tabs__body\" aria-labelledby=\"uagb-tabs__tab3\">\n<p class=\"has-medium-font-size\"><strong>InSAR-derived deformation database (IGME).<\/strong><\/p>\n\n\n\n<section class=\"wp-block-uagb-columns uagb-columns__wrap uagb-columns__background-undefined uagb-columns__stack-mobile uagb-columns__valign-undefined uagb-columns__gap-5 alignundefined uagb-block-f4349149\"><div class=\"uagb-columns__overlay\"><\/div><div class=\"uagb-columns__inner-wrap uagb-columns__columns-3\">\n<div class=\"wp-block-uagb-column uagb-column__wrap uagb-column__background-undefined uagb-block-2f18b61b\"><div class=\"uagb-column__overlay\"><\/div><div class=\"uagb-column__inner-wrap\">\n<ul class=\"wp-block-list\"><li><strong>Responsible:<\/strong> MBP.<\/li><li><strong>Participants:<\/strong> OMH, CGA, HAA, MPSP, VRG, PE, JLV, CRC, GBC.<\/li><li><strong>Start time:<\/strong> T1<\/li><li><strong>Duration:<\/strong> 48 months<\/li><\/ul>\n\n\n\n<p><\/p>\n<\/div><\/div>\n\n\n\n<div class=\"wp-block-uagb-column uagb-column__wrap uagb-column__background-undefined uagb-block-85d1a454\"><div class=\"uagb-column__overlay\"><\/div><div class=\"uagb-column__inner-wrap\">\n<p>Create a database of PS to train AI-based algorithms for the classification of active deformation areas which will be updated throughout the project.<\/p>\n<\/div><\/div>\n\n\n\n<div class=\"wp-block-uagb-column uagb-column__wrap uagb-column__background-undefined uagb-block-e95a64f3\"><div class=\"uagb-column__overlay\"><\/div><div class=\"uagb-column__inner-wrap\">\n<p><strong>Resources: <\/strong><\/p>\n\n\n\n<p> (i) project participants; (ii) catalogs and inventories to complete the database (table X); (iii) previous InSAR results of CTTC\u2019s and IGME\u2019s teams, which include a large variety of deformation phenomena (aquifer-related ground subsidence, slow landslides, sinkholes, consolidation settlement, tectonic deformation) in different environments (urban areas, agricultural areas, mountainous areas, active and abandoned mining areas); (iv) the new InSAR results from EGMS, EPOS, GEP, CTTC. <\/p>\n<\/div><\/div>\n<\/div><\/section>\n<\/div><\/div>\n\n\n\n<div class=\"wp-block-uagb-tabs-child uagb-tabs__body-container uagb-tabs__inner-tab uagb-inner-tab-4\"><div class=\"uagb-blocks__66af6053 uagb-tabs__body\" aria-labelledby=\"uagb-tabs__tab4\">\n<p class=\"has-medium-font-size\"><strong>Future evolution of ground deformation: Susceptibility assessment and Prediction (IGME).<\/strong><\/p>\n\n\n\n<section class=\"wp-block-uagb-columns uagb-columns__wrap uagb-columns__background-undefined uagb-columns__stack-mobile uagb-columns__valign-undefined uagb-columns__gap-5 alignundefined uagb-block-5d4ef771\"><div class=\"uagb-columns__overlay\"><\/div><div class=\"uagb-columns__inner-wrap uagb-columns__columns-3\">\n<div class=\"wp-block-uagb-column uagb-column__wrap uagb-column__background-undefined uagb-block-bc118f5b\"><div class=\"uagb-column__overlay\"><\/div><div class=\"uagb-column__inner-wrap\">\n<ul class=\"wp-block-list\"><li><strong>Responsible:<\/strong> CGA.<\/li><li><strong>Participants:<\/strong> MBP, HAA, OMH, GH, RMMR, AL, RB.<\/li><li><strong>Start time:<\/strong> T1<\/li><li><strong>Duration:<\/strong> 36 months<\/li><\/ul>\n\n\n\n<p><\/p>\n<\/div><\/div>\n\n\n\n<div class=\"wp-block-uagb-column uagb-column__wrap uagb-column__background-undefined uagb-block-bbd433fe\"><div class=\"uagb-column__overlay\"><\/div><div class=\"uagb-column__inner-wrap\">\n<p>Develop AI-based tools for susceptibility assessment and ground deformation prediction.<\/p>\n<\/div><\/div>\n\n\n\n<div class=\"wp-block-uagb-column uagb-column__wrap uagb-column__background-undefined uagb-block-a3fa6b99\"><div class=\"uagb-column__overlay\"><\/div><div class=\"uagb-column__inner-wrap\">\n<p><strong>Resources: <\/strong><\/p>\n\n\n\n<p>(i) project participants; (ii) The PS database from WP4; (iii) The AI-based classifier tools obtained in WP3; (iv) previous susceptibility maps, from statistical models, existing in the pilot areas (Granada Province, Mallorca island, Catalonia region); (v) InSAR time series of different deformation phenomena (from IGME\u2019s and CTTC\u2019s previous studies) will be used to train, test and develop the AI-based tools for prediction and early detection.<\/p>\n<\/div><\/div>\n<\/div><\/section>\n<\/div><\/div>\n\n\n\n<div class=\"wp-block-uagb-tabs-child uagb-tabs__body-container uagb-tabs__inner-tab uagb-inner-tab-5\"><div class=\"uagb-blocks__8a305396 uagb-tabs__body\" aria-labelledby=\"uagb-tabs__tab5\">\n<p class=\"has-medium-font-size\"><strong>Application and validation in pilot areas (IGME).<\/strong><\/p>\n\n\n\n<section class=\"wp-block-uagb-columns uagb-columns__wrap uagb-columns__background-undefined uagb-columns__stack-mobile uagb-columns__valign-undefined uagb-columns__gap-5 alignundefined uagb-block-bbbc2e35\"><div class=\"uagb-columns__overlay\"><\/div><div class=\"uagb-columns__inner-wrap uagb-columns__columns-3\">\n<div class=\"wp-block-uagb-column uagb-column__wrap uagb-column__background-undefined uagb-block-2fdb4c55\"><div class=\"uagb-column__overlay\"><\/div><div class=\"uagb-column__inner-wrap\">\n<ul class=\"wp-block-list\"><li><strong>Responsible:<\/strong> MBP.<\/li><li><strong>Participants:<\/strong> CGA, OMH, RMMR, VRG, PE, JMP, GBC, CRC, RST, JLV.<\/li><li><strong>Start time:<\/strong> T10<\/li><li><strong>Duration:<\/strong> 18 months<\/li><\/ul>\n\n\n\n<p><\/p>\n<\/div><\/div>\n\n\n\n<div class=\"wp-block-uagb-column uagb-column__wrap uagb-column__background-undefined uagb-block-268d305a\"><div class=\"uagb-column__overlay\"><\/div><div class=\"uagb-column__inner-wrap\">\n<p>The tools developed in the project will be tested in selected pilot areas in Spain where IGME and CTTC teams have studied land movements associated with different geohazards in previous projects, such as Murcia region, Granada province, Mallorca, Asturias, Ibiza, Barcelona, or Madrid. Each tool will be tested at least in one of the pilot areas.<\/p>\n<\/div><\/div>\n\n\n\n<div class=\"wp-block-uagb-column uagb-column__wrap uagb-column__background-undefined uagb-block-24f3e237\"><div class=\"uagb-column__overlay\"><\/div><div class=\"uagb-column__inner-wrap\">\n<p><strong>Resources: <\/strong><\/p>\n\n\n\n<p>(i) project participants; (ii) tools developed in WP2, WP3, and WP5; (iii) Active deformation areas identified and classified in the pilot areas from our previous studies; (iv) existing susceptibility maps of ground subsidence and landslides at regional level in the pilot areas; (v) existing ground deformation inventories in the pilot areas (MOVES database, Granada inventory, Mallorca inventory, etc.).<\/p>\n<\/div><\/div>\n<\/div><\/section>\n<\/div><\/div>\n\n\n\n<div class=\"wp-block-uagb-tabs-child uagb-tabs__body-container uagb-tabs__inner-tab uagb-inner-tab-6\"><div class=\"uagb-blocks__9fdef8cd uagb-tabs__body\" aria-labelledby=\"uagb-tabs__tab6\">\n<p class=\"has-medium-font-size\"><strong>Diffusion and transference of technology (CTTC).<\/strong><\/p>\n\n\n\n<section class=\"wp-block-uagb-columns uagb-columns__wrap uagb-columns__background-undefined uagb-columns__stack-mobile uagb-columns__valign-undefined uagb-columns__gap-5 alignundefined uagb-block-968d1e54\"><div class=\"uagb-columns__overlay\"><\/div><div class=\"uagb-columns__inner-wrap uagb-columns__columns-3\">\n<div class=\"wp-block-uagb-column uagb-column__wrap uagb-column__background-undefined uagb-block-13b946fa\"><div class=\"uagb-column__overlay\"><\/div><div class=\"uagb-column__inner-wrap\">\n<ul class=\"wp-block-list\"><li><strong>Responsible:<\/strong> MC.<\/li><li><strong>Participants:<\/strong> all project participants.<\/li><li><strong>Start time:<\/strong> T1<\/li><li><strong>Duration:<\/strong> 48 months<\/li><\/ul>\n\n\n\n<p><\/p>\n<\/div><\/div>\n\n\n\n<div class=\"wp-block-uagb-column uagb-column__wrap uagb-column__background-undefined uagb-block-300cf5a4\"><div class=\"uagb-column__overlay\"><\/div><div class=\"uagb-column__inner-wrap\">\n<p>The objective of this WP is to guarantee adequate dissemination of the project results, including internal dissemination within the research and working teams of the project and the entities interested in the results of the project.<\/p>\n<\/div><\/div>\n\n\n\n<div class=\"wp-block-uagb-column uagb-column__wrap uagb-column__background-undefined uagb-block-50037ac4\"><div class=\"uagb-column__overlay\"><\/div><div class=\"uagb-column__inner-wrap\">\n<p><strong>Resources: <\/strong><\/p>\n\n\n\n<p>(i) project participants; (ii) CTTC facilities, (iii) IGME facilities.<\/p>\n<\/div><\/div>\n<\/div><\/section>\n<\/div><\/div>\n<\/div><\/div>\n\n\n\n<p>The WP starting times are indicated in trimesters (from T1 to T16, see also the chronogram).<\/p>\n\n\n\n<div class=\"wp-block-image\"><figure class=\"aligncenter size-2048x2048\"><img decoding=\"async\" width=\"2048\" height=\"1528\" src=\"https:\/\/sarai.igme.es\/wp-content\/uploads\/timeline_sarai_2-2048x1528.png\" alt=\"\" class=\"wp-image-1095\" srcset=\"https:\/\/sarai.igme.es\/wp-content\/uploads\/timeline_sarai_2-2048x1528.png 2048w, https:\/\/sarai.igme.es\/wp-content\/uploads\/timeline_sarai_2-300x224.png 300w, https:\/\/sarai.igme.es\/wp-content\/uploads\/timeline_sarai_2-1024x764.png 1024w, https:\/\/sarai.igme.es\/wp-content\/uploads\/timeline_sarai_2-150x112.png 150w, https:\/\/sarai.igme.es\/wp-content\/uploads\/timeline_sarai_2-768x573.png 768w, https:\/\/sarai.igme.es\/wp-content\/uploads\/timeline_sarai_2-1536x1146.png 1536w, https:\/\/sarai.igme.es\/wp-content\/uploads\/timeline_sarai_2-500x373.png 500w\" sizes=\"(max-width: 2048px) 100vw, 2048px\" \/><figcaption><em>SARAI Chronogram<\/em>.<\/figcaption><\/figure><\/div>\n\n\n\n<div style=\"height:40px\" aria-hidden=\"true\" class=\"wp-block-spacer\"><\/div>\n\n\n\n<h2 class=\"wp-block-heading\">SARAI TEAM<\/h2>\n\n\n\n<figure class=\"wp-block-table\"><table><thead><tr><th>Team<\/th><th>Member<\/th><th>Filiation<\/th><th>Member&#8217;s acronym<\/th><\/tr><\/thead><tbody><tr><td><strong>CTTC research team<\/strong><\/td><td>Oriol Monserrat Hern\u00e1ndez <\/td><td> CTTC <\/td><td>OMH <\/td><\/tr><tr><td><\/td><td>Michele Crosetto <\/td><td>CTTC<\/td><td>MC<\/td><\/tr><tr><td><\/td><td>Riccardo Palam\u00e0<\/td><td>CTTC<\/td><td>RP<\/td><\/tr><tr><td><\/td><td>Jos\u00e9 Navarro <\/td><td>CTTC<\/td><td>JN<\/td><\/tr><tr><td><\/td><td>Pedro Esp\u00edn <\/td><td>CTTC<\/td><td>PE<\/td><\/tr><tr><td><\/td><td>Mar\u00eda Cuevas <\/td><td>CTTC<\/td><td>MCu<\/td><\/tr><tr><td><\/td><td>Dena Bazazian <\/td><td>CTTC<\/td><td>DB<\/td><\/tr><tr><td><\/td><td>Eul\u00e0lia Par\u00e9s <\/td><td>CTTC<\/td><td>EP<\/td><\/tr><tr><td><strong>CTTC work team<\/strong><\/td><td>Bruno Crippa <\/td><td>University of Milan<\/td><td>BC<\/td><\/tr><tr><td><\/td><td>Marek Mroz <\/td><td>UWM, Poland<\/td><td>MM<\/td><\/tr><tr><td><\/td><td>Magdalena Mlaczko <\/td><td>UWM, Poland<\/td><td>MMl<\/td><\/tr><tr><td><\/td><td>Natalia Ostrowska<\/td><td>UWM, Poland<\/td><td>NO<\/td><\/tr><tr><td><strong>IGME research team<\/strong><\/td><td>Carolina Guardiola Albert<\/td><td>IGME<\/td><td>CGA<\/td><\/tr><tr><td><\/td><td>Marta B\u00e9jar Pizarro<\/td><td>IGME<\/td><td>MBP<\/td><\/tr><tr><td><\/td><td>Hector Aguilera Alonso<\/td><td>IGME<\/td><td>HAA<\/td><\/tr><tr><td><\/td><td>Gerardo Herrera<\/td><td>IGME<\/td><td>GH<\/td><\/tr><tr><td><\/td><td>Rosa M. Mateos Ru\u00edz<\/td><td>IGME<\/td><td>RMMR<\/td><\/tr><tr><td><\/td><td>Joaqu\u00edn Mulas de la Pe\u00f1a<\/td><td>IGME<\/td><td>JMP<\/td><\/tr><tr><td><\/td><td>Margarita Patricia Sanabria Pab\u00f3n<\/td><td>IGME<\/td><td>MSP<\/td><\/tr><tr><td><\/td><td>Virginia Rodr\u00edguez G\u00f3mez<\/td><td>IGME<\/td><td>VRG<\/td><\/tr><tr><td><strong>IGME work team<\/strong><\/td><td>Roberta Boni<\/td><td>University of Urbino &#8220;Carlo Bo&#8221;, Italy<\/td><td>RB<\/td><\/tr><tr><td><\/td><td>Aracely Lima<\/td><td>Instituto de Investigaci\u00f3n Geol\u00f3gico y Energ\u00e9tico de Ecuador<\/td><td>AL<\/td><\/tr><tr><td><\/td><td>Pablo Ezquerro<\/td><td>IGME<\/td><td>PE<\/td><\/tr><tr><td><\/td><td>Guadalupe Bru Cruz<\/td><td>IGME<\/td><td>GBC<\/td><\/tr><tr><td><\/td><td>Roberto Sarro Trigueros<\/td><td>IGME<\/td><td>RST<\/td><\/tr><tr><td><\/td><td>Juan L\u00f3pez Vinielles<\/td><td>HEMAV SL<\/td><td>JLV<\/td><\/tr><tr><td><\/td><td>Cristina Reyes Carmona<\/td><td>IGME<\/td><td>CRC<\/td><\/tr><\/tbody><\/table><\/figure>\n\n\n\n<p class=\"has-text-align-center has-small-font-size\"><em>Table of people included in the work plan. The acronym for each person\u2019s name will be used hereafter.<\/em><\/p>\n\n\n\n<p>And additionally:<\/p>\n\n\n\n<ul class=\"wp-block-list\"><li>One predoctoral contract to develop a PhD at IGME (which would be mainly related to the scientific and methodological aspects of WP3 and WP5).<\/li><\/ul>\n\n\n\n<div class=\"wp-block-buttons is-layout-flex wp-block-buttons-is-layout-flex\">\n<div class=\"wp-block-button\"><a class=\"wp-block-button__link\" href=\"#up\">Up<\/a><\/div>\n<\/div>\n\n\n\n<div style=\"height:100px\" aria-hidden=\"true\" class=\"wp-block-spacer\"><\/div>\n","protected":false},"excerpt":{"rendered":"<p>The duration of the SARAI project will be four years. The project activities are organized in seven work packages (WPs): The WP starting times are indicated in trimesters (from T1 to T16, see also the chronogram). SARAI TEAM Team Member Filiation Member&#8217;s acronym CTTC research team Oriol Monserrat Hern\u00e1ndez CTTC OMH Michele Crosetto CTTC MC [&hellip;]<\/p>\n","protected":false},"author":1,"featured_media":0,"parent":0,"menu_order":0,"comment_status":"closed","ping_status":"closed","template":"","meta":{"_uag_custom_page_level_css":"","site-sidebar-layout":"no-sidebar","site-content-layout":"plain-container","ast-site-content-layout":"default","site-content-style":"default","site-sidebar-style":"default","ast-global-header-display":"","ast-banner-title-visibility":"","ast-main-header-display":"","ast-hfb-above-header-display":"","ast-hfb-below-header-display":"","ast-hfb-mobile-header-display":"","site-post-title":"","ast-breadcrumbs-content":"","ast-featured-img":"","footer-sml-layout":"","ast-disable-related-posts":"","theme-transparent-header-meta":"","adv-header-id-meta":"","stick-header-meta":"","header-above-stick-meta":"","header-main-stick-meta":"","header-below-stick-meta":"","astra-migrate-meta-layouts":"default","ast-page-background-enabled":"default","ast-page-background-meta":{"desktop":{"background-color":"var(--ast-global-color-4)","background-image":"","background-repeat":"repeat","background-position":"center center","background-size":"auto","background-attachment":"scroll","background-type":"","background-media":"","overlay-type":"","overlay-color":"","overlay-opacity":"","overlay-gradient":""},"tablet":{"background-color":"","background-image":"","background-repeat":"repeat","background-position":"center center","background-size":"auto","background-attachment":"scroll","background-type":"","background-media":"","overlay-type":"","overlay-color":"","overlay-opacity":"","overlay-gradient":""},"mobile":{"background-color":"","background-image":"","background-repeat":"repeat","background-position":"center center","background-size":"auto","background-attachment":"scroll","background-type":"","background-media":"","overlay-type":"","overlay-color":"","overlay-opacity":"","overlay-gradient":""}},"ast-content-background-meta":{"desktop":{"background-color":"var(--ast-global-color-5)","background-image":"","background-repeat":"repeat","background-position":"center center","background-size":"auto","background-attachment":"scroll","background-type":"","background-media":"","overlay-type":"","overlay-color":"","overlay-opacity":"","overlay-gradient":""},"tablet":{"background-color":"var(--ast-global-color-5)","background-image":"","background-repeat":"repeat","background-position":"center center","background-size":"auto","background-attachment":"scroll","background-type":"","background-media":"","overlay-type":"","overlay-color":"","overlay-opacity":"","overlay-gradient":""},"mobile":{"background-color":"var(--ast-global-color-5)","background-image":"","background-repeat":"repeat","background-position":"center center","background-size":"auto","background-attachment":"scroll","background-type":"","background-media":"","overlay-type":"","overlay-color":"","overlay-opacity":"","overlay-gradient":""}},"footnotes":""},"class_list":["post-34","page","type-page","status-publish","hentry"],"featured_image_src":null,"uagb_featured_image_src":{"full":false,"thumbnail":false,"medium":false,"medium_large":false,"large":false,"1536x1536":false,"2048x2048":false},"uagb_author_info":{"display_name":"saraiadm","author_link":"https:\/\/sarai.igme.es\/index.php\/author\/saraiadm\/"},"uagb_comment_info":0,"uagb_excerpt":"The duration of the SARAI project will be four years. The project activities are organized in seven work packages (WPs): The WP starting times are indicated in trimesters (from T1 to T16, see also the chronogram). SARAI TEAM Team Member Filiation Member&#8217;s acronym CTTC research team Oriol Monserrat Hern\u00e1ndez CTTC OMH Michele Crosetto CTTC MC&hellip;","_links":{"self":[{"href":"https:\/\/sarai.igme.es\/index.php\/wp-json\/wp\/v2\/pages\/34","targetHints":{"allow":["GET"]}}],"collection":[{"href":"https:\/\/sarai.igme.es\/index.php\/wp-json\/wp\/v2\/pages"}],"about":[{"href":"https:\/\/sarai.igme.es\/index.php\/wp-json\/wp\/v2\/types\/page"}],"author":[{"embeddable":true,"href":"https:\/\/sarai.igme.es\/index.php\/wp-json\/wp\/v2\/users\/1"}],"replies":[{"embeddable":true,"href":"https:\/\/sarai.igme.es\/index.php\/wp-json\/wp\/v2\/comments?post=34"}],"version-history":[{"count":27,"href":"https:\/\/sarai.igme.es\/index.php\/wp-json\/wp\/v2\/pages\/34\/revisions"}],"predecessor-version":[{"id":1224,"href":"https:\/\/sarai.igme.es\/index.php\/wp-json\/wp\/v2\/pages\/34\/revisions\/1224"}],"wp:attachment":[{"href":"https:\/\/sarai.igme.es\/index.php\/wp-json\/wp\/v2\/media?parent=34"}],"curies":[{"name":"wp","href":"https:\/\/api.w.org\/{rel}","templated":true}]}}