{"id":38,"date":"2021-11-30T08:47:21","date_gmt":"2021-11-30T08:47:21","guid":{"rendered":"https:\/\/sarai.igme.es\/?page_id=38"},"modified":"2021-12-18T11:07:45","modified_gmt":"2021-12-18T11:07:45","slug":"opes","status":"publish","type":"page","link":"https:\/\/sarai.igme.es\/index.php\/opes\/","title":{"rendered":"OPEs"},"content":{"rendered":"\n<figure class=\"wp-block-image alignfull size-2048x2048\"><img decoding=\"async\" width=\"2048\" height=\"115\" src=\"https:\/\/sarai.igme.es\/wp-content\/uploads\/logos_cabecera_epos-2048x115.png\" alt=\"\" class=\"wp-image-698\" srcset=\"https:\/\/sarai.igme.es\/wp-content\/uploads\/logos_cabecera_epos-2048x115.png 2048w, https:\/\/sarai.igme.es\/wp-content\/uploads\/logos_cabecera_epos-300x17.png 300w, https:\/\/sarai.igme.es\/wp-content\/uploads\/logos_cabecera_epos-1024x58.png 1024w, https:\/\/sarai.igme.es\/wp-content\/uploads\/logos_cabecera_epos-768x43.png 768w, https:\/\/sarai.igme.es\/wp-content\/uploads\/logos_cabecera_epos-1536x86.png 1536w\" sizes=\"(max-width: 2048px) 100vw, 2048px\" \/><\/figure>\n\n\n\n<div style=\"height:30px\" aria-hidden=\"true\" class=\"wp-block-spacer\"><\/div>\n\n\n\n<p>Expected beneficiaries on Science, Environment, Society, Technological progress, Economy\/ competitiveness, <strong>O<\/strong>bserver <strong>P<\/strong>romotional <strong>E<\/strong>ntities supporting SARAI with a letter (<strong>OPE<\/strong>).<\/p>\n\n\n\n<figure class=\"wp-block-table is-style-stripes\"><table><thead><tr><th>Type<\/th><th>Sector<\/th><th>Observer Promotional Entities supporting SARAI (letter available) <\/th><th><\/th><th>Opportunities given by SARAI products which are beyond the direct impact<\/th><\/tr><\/thead><tbody><tr><td>Science<\/td><td>University, Research Institutes (public)<\/td><td><a href=\"https:\/\/www.uc3m.es\/ss\/Satellite\/UC3MInstitucional\/es\/Detalle\/Organismo_C\/1371213288068\/1371206581851\/Instituto_UC3M-Santander_de_Big_Data\" target=\"_blank\" rel=\"noreferrer noopener\">Instituto uc3m-Santander Big Data<\/a><\/td><td><figure class=\"wp-block-image size-thumbnail is-resized\"><img decoding=\"async\" src=\"https:\/\/sarai.igme.es\/wp-content\/uploads\/IBiDat-150x84.png\" alt=\"\" class=\"wp-image-835\" width=\"113\" height=\"63\" srcset=\"https:\/\/sarai.igme.es\/wp-content\/uploads\/IBiDat-150x84.png 150w, https:\/\/sarai.igme.es\/wp-content\/uploads\/IBiDat-300x169.png 300w, https:\/\/sarai.igme.es\/wp-content\/uploads\/IBiDat-768x432.png 768w, https:\/\/sarai.igme.es\/wp-content\/uploads\/IBiDat.png 800w\" sizes=\"(max-width: 113px) 100vw, 113px\" \/><\/figure><\/td><td>Contribute to scientific knowledge of land movement characterization based on satellite observations.<\/td><\/tr><tr><td>Society<\/td><td>Land use planning (public)<\/td><td><a href=\"https:\/\/www.ign.es\/web\/ign\/portal\" target=\"_blank\" rel=\"noreferrer noopener\">Instituto Geogr\u00e1fico Nacional<\/a><\/td><td><figure class=\"wp-block-image size-thumbnail is-resized\"><img decoding=\"async\" src=\"https:\/\/sarai.igme.es\/wp-content\/uploads\/IGN-150x100.jpg\" alt=\"\" class=\"wp-image-855\" width=\"113\" height=\"75\" srcset=\"https:\/\/sarai.igme.es\/wp-content\/uploads\/IGN-150x100.jpg 150w, https:\/\/sarai.igme.es\/wp-content\/uploads\/IGN-300x200.jpg 300w, https:\/\/sarai.igme.es\/wp-content\/uploads\/IGN-1024x682.jpg 1024w, https:\/\/sarai.igme.es\/wp-content\/uploads\/IGN-768x512.jpg 768w, https:\/\/sarai.igme.es\/wp-content\/uploads\/IGN-1536x1024.jpg 1536w, https:\/\/sarai.igme.es\/wp-content\/uploads\/IGN-2048x1365.jpg 2048w\" sizes=\"(max-width: 113px) 100vw, 113px\" \/><\/figure><\/td><td>Provide ground deformation information that will improve land use planning and decrease costs for municipalities.<\/td><\/tr><tr><td>Society<\/td><td>Risk management for geohazards (public)<\/td><td>Grupo de Expertos en Observaci\u00f3n de la Tierra y Riesgos Geol\u00f3gicos de Europa<\/td><td><figure class=\"wp-block-image size-thumbnail is-resized\"><img decoding=\"async\" src=\"https:\/\/sarai.igme.es\/wp-content\/uploads\/eurogeosurveys-150x89.jpg\" alt=\"\" class=\"wp-image-829\" width=\"113\" height=\"67\" srcset=\"https:\/\/sarai.igme.es\/wp-content\/uploads\/eurogeosurveys-150x89.jpg 150w, https:\/\/sarai.igme.es\/wp-content\/uploads\/eurogeosurveys-300x178.jpg 300w, https:\/\/sarai.igme.es\/wp-content\/uploads\/eurogeosurveys-1024x606.jpg 1024w, https:\/\/sarai.igme.es\/wp-content\/uploads\/eurogeosurveys-768x455.jpg 768w, https:\/\/sarai.igme.es\/wp-content\/uploads\/eurogeosurveys.jpg 1160w\" sizes=\"(max-width: 113px) 100vw, 113px\" \/><\/figure><\/td><td>Improve plans devoted to protecting against natural (e.g. landslides) and anthropogenic hazards (e.g. impact of excavation works).<\/td><\/tr><tr><td>Environment<\/td><td>Risk management for environmental disasters (public)<\/td><td><a href=\"https:\/\/www.miteco.gob.es\/es\/\" target=\"_blank\" rel=\"noreferrer noopener\">Ministerio para la Transici\u00f3n Ecol\u00f3gica y Reto Demogr\u00e1fico<\/a><br><a href=\"https:\/\/www.wwf.es\/\" target=\"_blank\" rel=\"noreferrer noopener\">WWW Adena<\/a><\/td><td><figure class=\"wp-block-image size-thumbnail is-resized\"><img decoding=\"async\" src=\"https:\/\/sarai.igme.es\/wp-content\/uploads\/Logo_MTERD-150x97.png\" alt=\"\" class=\"wp-image-830\" width=\"113\" height=\"73\" srcset=\"https:\/\/sarai.igme.es\/wp-content\/uploads\/Logo_MTERD-150x97.png 150w, https:\/\/sarai.igme.es\/wp-content\/uploads\/Logo_MTERD-300x194.png 300w, https:\/\/sarai.igme.es\/wp-content\/uploads\/Logo_MTERD.png 605w\" sizes=\"(max-width: 113px) 100vw, 113px\" \/><\/figure><br><figure class=\"wp-block-image size-thumbnail is-resized\"><img decoding=\"async\" src=\"https:\/\/sarai.igme.es\/wp-content\/uploads\/wwf-logo-115x150.png\" alt=\"\" class=\"wp-image-831\" width=\"86\" height=\"113\" srcset=\"https:\/\/sarai.igme.es\/wp-content\/uploads\/wwf-logo-115x150.png 115w, https:\/\/sarai.igme.es\/wp-content\/uploads\/wwf-logo-229x300.png 229w, https:\/\/sarai.igme.es\/wp-content\/uploads\/wwf-logo-782x1024.png 782w, https:\/\/sarai.igme.es\/wp-content\/uploads\/wwf-logo-768x1005.png 768w, https:\/\/sarai.igme.es\/wp-content\/uploads\/wwf-logo.png 884w\" sizes=\"(max-width: 86px) 100vw, 86px\" \/><\/figure><\/td><td>Locate ecosystems at risk due to water overexploitation (that triggers land subsidence) or ground movements.<\/td><\/tr><tr><td>Technologic &amp; economic progress<\/td><td>Remote sensing &amp; specialized InSAR companies (private)<\/td><td><a href=\"https:\/\/geokinesia.com\/\" target=\"_blank\" rel=\"noreferrer noopener\">Geokinesia (start-up)<\/a><br><a href=\"https:\/\/detektia.com\/\" target=\"_blank\" rel=\"noreferrer noopener\">Detektia (start-up)<\/a><br><a href=\"http:\/\/dares.tech\/\" target=\"_blank\" rel=\"noreferrer noopener\">Dares<\/a><\/td><td><figure class=\"wp-block-image size-thumbnail is-resized\"><img decoding=\"async\" src=\"https:\/\/sarai.igme.es\/wp-content\/uploads\/geokinesia-150x39.jpg\" alt=\"\" class=\"wp-image-834\" width=\"113\" height=\"29\" srcset=\"https:\/\/sarai.igme.es\/wp-content\/uploads\/geokinesia-150x39.jpg 150w, https:\/\/sarai.igme.es\/wp-content\/uploads\/geokinesia-300x78.jpg 300w, https:\/\/sarai.igme.es\/wp-content\/uploads\/geokinesia-1024x265.jpg 1024w, https:\/\/sarai.igme.es\/wp-content\/uploads\/geokinesia-768x198.jpg 768w, https:\/\/sarai.igme.es\/wp-content\/uploads\/geokinesia-1536x397.jpg 1536w, https:\/\/sarai.igme.es\/wp-content\/uploads\/geokinesia.jpg 1680w\" sizes=\"(max-width: 113px) 100vw, 113px\" \/><\/figure><br><figure class=\"wp-block-image size-thumbnail is-resized\"><img decoding=\"async\" src=\"https:\/\/sarai.igme.es\/wp-content\/uploads\/detektia_alargado-150x39.jpg\" alt=\"\" class=\"wp-image-867\" width=\"113\" height=\"29\" srcset=\"https:\/\/sarai.igme.es\/wp-content\/uploads\/detektia_alargado-150x39.jpg 150w, https:\/\/sarai.igme.es\/wp-content\/uploads\/detektia_alargado-300x79.jpg 300w, https:\/\/sarai.igme.es\/wp-content\/uploads\/detektia_alargado-1024x269.jpg 1024w, https:\/\/sarai.igme.es\/wp-content\/uploads\/detektia_alargado-768x202.jpg 768w, https:\/\/sarai.igme.es\/wp-content\/uploads\/detektia_alargado-1536x403.jpg 1536w, https:\/\/sarai.igme.es\/wp-content\/uploads\/detektia_alargado.jpg 1920w\" sizes=\"(max-width: 113px) 100vw, 113px\" \/><\/figure><br><figure class=\"wp-block-image size-thumbnail is-resized\"><img decoding=\"async\" src=\"https:\/\/sarai.igme.es\/wp-content\/uploads\/DARES_400-150x150.jpg\" alt=\"\" class=\"wp-image-870\" width=\"113\" height=\"113\" srcset=\"https:\/\/sarai.igme.es\/wp-content\/uploads\/DARES_400-150x150.jpg 150w, https:\/\/sarai.igme.es\/wp-content\/uploads\/DARES_400-300x300.jpg 300w, https:\/\/sarai.igme.es\/wp-content\/uploads\/DARES_400.jpg 400w\" sizes=\"(max-width: 113px) 100vw, 113px\" \/><\/figure><\/td><td>Improve tools that are used to analyze InSAR data.<\/td><\/tr><tr><td>Technologic &amp; economic progress <\/td><td>Digital technology companies (private)<\/td><td><a href=\"https:\/\/www.singularpeople.com\/\" target=\"_blank\" rel=\"noreferrer noopener\">Singular People S.L.<\/a><\/td><td><figure class=\"wp-block-image size-thumbnail is-resized\"><img decoding=\"async\" src=\"https:\/\/sarai.igme.es\/wp-content\/uploads\/singular_480-150x150.png\" alt=\"\" class=\"wp-image-873\" width=\"113\" height=\"113\" srcset=\"https:\/\/sarai.igme.es\/wp-content\/uploads\/singular_480-150x150.png 150w, https:\/\/sarai.igme.es\/wp-content\/uploads\/singular_480-300x300.png 300w, https:\/\/sarai.igme.es\/wp-content\/uploads\/singular_480.png 480w\" sizes=\"(max-width: 113px) 100vw, 113px\" \/><\/figure><\/td><td>Promote digital technology companies\u2019 development (Big data, AI, Agile, Blockchain, etc.).<\/td><\/tr><tr><td>Technologic &amp; economic progress<\/td><td>Infrastructure responsible (private\/public)<\/td><td><a href=\"https:\/\/www.comsa.com\/\" target=\"_blank\" rel=\"noreferrer noopener\">COMSA<\/a><\/td><td><figure class=\"wp-block-image size-thumbnail is-resized\"><img decoding=\"async\" src=\"https:\/\/sarai.igme.es\/wp-content\/uploads\/Logotipo_COMSA_big-150x75.png\" alt=\"\" class=\"wp-image-878\" width=\"113\" height=\"56\" srcset=\"https:\/\/sarai.igme.es\/wp-content\/uploads\/Logotipo_COMSA_big-150x75.png 150w, https:\/\/sarai.igme.es\/wp-content\/uploads\/Logotipo_COMSA_big-300x150.png 300w, https:\/\/sarai.igme.es\/wp-content\/uploads\/Logotipo_COMSA_big-1024x513.png 1024w, https:\/\/sarai.igme.es\/wp-content\/uploads\/Logotipo_COMSA_big-768x385.png 768w, https:\/\/sarai.igme.es\/wp-content\/uploads\/Logotipo_COMSA_big.png 1200w\" sizes=\"(max-width: 113px) 100vw, 113px\" \/><\/figure><\/td><td>Motivate the entities in charge of civil infrastructures to use InSAR-based technology as a control tool.<\/td><\/tr><tr><td>Technologic &amp; economic progress<\/td><td>Insurance companies and consortium (private)<\/td><td><a href=\"https:\/\/portal-empleado.isdefe.es\/consorcio-compensaci-n-seguros?language=es\" target=\"_blank\" rel=\"noreferrer noopener\">Consorcio de Compensaci\u00f3n de Seguros<\/a><\/td><td><figure class=\"wp-block-image size-thumbnail is-resized\"><img decoding=\"async\" src=\"https:\/\/sarai.igme.es\/wp-content\/uploads\/consorcio_compensacion_seguros-147x150.jpg\" alt=\"\" class=\"wp-image-881\" width=\"110\" height=\"113\" srcset=\"https:\/\/sarai.igme.es\/wp-content\/uploads\/consorcio_compensacion_seguros-147x150.jpg 147w, https:\/\/sarai.igme.es\/wp-content\/uploads\/consorcio_compensacion_seguros-295x300.jpg 295w, https:\/\/sarai.igme.es\/wp-content\/uploads\/consorcio_compensacion_seguros.jpg 744w\" sizes=\"(max-width: 110px) 100vw, 110px\" \/><\/figure><\/td><td>Activate the use of InSAR technology for insurance companies (private sector).<\/td><\/tr><\/tbody><\/table><\/figure>\n\n\n\n<div style=\"height:100px\" aria-hidden=\"true\" class=\"wp-block-spacer\"><\/div>\n","protected":false},"excerpt":{"rendered":"<p>Expected beneficiaries on Science, Environment, Society, Technological progress, Economy\/ competitiveness, Observer Promotional Entities supporting SARAI with a letter (OPE). Type Sector Observer Promotional Entities supporting SARAI (letter available) Opportunities given by SARAI products which are beyond the direct impact Science University, Research Institutes (public) Instituto uc3m-Santander Big Data Contribute to scientific knowledge of land movement [&hellip;]<\/p>\n","protected":false},"author":1,"featured_media":0,"parent":0,"menu_order":0,"comment_status":"closed","ping_status":"closed","template":"","meta":{"_uag_custom_page_level_css":"","site-sidebar-layout":"no-sidebar","site-content-layout":"plain-container","ast-site-content-layout":"default","site-content-style":"default","site-sidebar-style":"default","ast-global-header-display":"","ast-banner-title-visibility":"","ast-main-header-display":"","ast-hfb-above-header-display":"","ast-hfb-below-header-display":"","ast-hfb-mobile-header-display":"","site-post-title":"","ast-breadcrumbs-content":"","ast-featured-img":"","footer-sml-layout":"","ast-disable-related-posts":"","theme-transparent-header-meta":"","adv-header-id-meta":"","stick-header-meta":"","header-above-stick-meta":"","header-main-stick-meta":"","header-below-stick-meta":"","astra-migrate-meta-layouts":"default","ast-page-background-enabled":"default","ast-page-background-meta":{"desktop":{"background-color":"var(--ast-global-color-4)","background-image":"","background-repeat":"repeat","background-position":"center center","background-size":"auto","background-attachment":"scroll","background-type":"","background-media":"","overlay-type":"","overlay-color":"","overlay-opacity":"","overlay-gradient":""},"tablet":{"background-color":"","background-image":"","background-repeat":"repeat","background-position":"center center","background-size":"auto","background-attachment":"scroll","background-type":"","background-media":"","overlay-type":"","overlay-color":"","overlay-opacity":"","overlay-gradient":""},"mobile":{"background-color":"","background-image":"","background-repeat":"repeat","background-position":"center center","background-size":"auto","background-attachment":"scroll","background-type":"","background-media":"","overlay-type":"","overlay-color":"","overlay-opacity":"","overlay-gradient":""}},"ast-content-background-meta":{"desktop":{"background-color":"var(--ast-global-color-5)","background-image":"","background-repeat":"repeat","background-position":"center center","background-size":"auto","background-attachment":"scroll","background-type":"","background-media":"","overlay-type":"","overlay-color":"","overlay-opacity":"","overlay-gradient":""},"tablet":{"background-color":"var(--ast-global-color-5)","background-image":"","background-repeat":"repeat","background-position":"center center","background-size":"auto","background-attachment":"scroll","background-type":"","background-media":"","overlay-type":"","overlay-color":"","overlay-opacity":"","overlay-gradient":""},"mobile":{"background-color":"var(--ast-global-color-5)","background-image":"","background-repeat":"repeat","background-position":"center center","background-size":"auto","background-attachment":"scroll","background-type":"","background-media":"","overlay-type":"","overlay-color":"","overlay-opacity":"","overlay-gradient":""}},"footnotes":""},"class_list":["post-38","page","type-page","status-publish","hentry"],"featured_image_src":null,"uagb_featured_image_src":{"full":false,"thumbnail":false,"medium":false,"medium_large":false,"large":false,"1536x1536":false,"2048x2048":false},"uagb_author_info":{"display_name":"saraiadm","author_link":"https:\/\/sarai.igme.es\/index.php\/author\/saraiadm\/"},"uagb_comment_info":0,"uagb_excerpt":"Expected beneficiaries on Science, Environment, Society, Technological progress, Economy\/ competitiveness, Observer Promotional Entities supporting SARAI with a letter (OPE). Type Sector Observer Promotional Entities supporting SARAI (letter available) Opportunities given by SARAI products which are beyond the direct impact Science University, Research Institutes (public) Instituto uc3m-Santander Big Data Contribute to scientific knowledge of land movement&hellip;","_links":{"self":[{"href":"https:\/\/sarai.igme.es\/index.php\/wp-json\/wp\/v2\/pages\/38","targetHints":{"allow":["GET"]}}],"collection":[{"href":"https:\/\/sarai.igme.es\/index.php\/wp-json\/wp\/v2\/pages"}],"about":[{"href":"https:\/\/sarai.igme.es\/index.php\/wp-json\/wp\/v2\/types\/page"}],"author":[{"embeddable":true,"href":"https:\/\/sarai.igme.es\/index.php\/wp-json\/wp\/v2\/users\/1"}],"replies":[{"embeddable":true,"href":"https:\/\/sarai.igme.es\/index.php\/wp-json\/wp\/v2\/comments?post=38"}],"version-history":[{"count":17,"href":"https:\/\/sarai.igme.es\/index.php\/wp-json\/wp\/v2\/pages\/38\/revisions"}],"predecessor-version":[{"id":890,"href":"https:\/\/sarai.igme.es\/index.php\/wp-json\/wp\/v2\/pages\/38\/revisions\/890"}],"wp:attachment":[{"href":"https:\/\/sarai.igme.es\/index.php\/wp-json\/wp\/v2\/media?parent=38"}],"curies":[{"name":"wp","href":"https:\/\/api.w.org\/{rel}","templated":true}]}}