{"id":47,"date":"2021-11-30T09:35:44","date_gmt":"2021-11-30T09:35:44","guid":{"rendered":"https:\/\/sarai.igme.es\/?page_id=47"},"modified":"2021-12-20T08:27:41","modified_gmt":"2021-12-20T08:27:41","slug":"epos","status":"publish","type":"page","link":"https:\/\/sarai.igme.es\/index.php\/epos\/","title":{"rendered":"EPOs"},"content":{"rendered":"\n<figure class=\"wp-block-image alignfull size-2048x2048\"><img decoding=\"async\" width=\"2048\" height=\"115\" src=\"https:\/\/sarai.igme.es\/wp-content\/uploads\/logos_cabecera_epos-2048x115.png\" alt=\"\" class=\"wp-image-689\" srcset=\"https:\/\/sarai.igme.es\/wp-content\/uploads\/logos_cabecera_epos-2048x115.png 2048w, https:\/\/sarai.igme.es\/wp-content\/uploads\/logos_cabecera_epos-300x17.png 300w, https:\/\/sarai.igme.es\/wp-content\/uploads\/logos_cabecera_epos-1024x58.png 1024w, https:\/\/sarai.igme.es\/wp-content\/uploads\/logos_cabecera_epos-768x43.png 768w, https:\/\/sarai.igme.es\/wp-content\/uploads\/logos_cabecera_epos-1536x86.png 1536w\" sizes=\"(max-width: 2048px) 100vw, 2048px\" \/><\/figure>\n\n\n\n<div style=\"height:30px\" aria-hidden=\"true\" class=\"wp-block-spacer\"><\/div>\n\n\n\n<p>Beneficiarios previstos en Ciencia, Medio Ambiente, Sociedad, Progreso tecnol\u00f3gico, Econom\u00eda\/Competitividad, <strong>E<\/strong>ntidades <strong>P<\/strong>romotoras <strong>O<\/strong>bservadoras que apoyan a SARAI con una carta (<strong>EPO<\/strong>).<\/p>\n\n\n\n<figure class=\"wp-block-table is-style-stripes\"><table><thead><tr><th>Tipo<\/th><th>Sector<\/th><th>Entidades promotoras observadoras que apoyan a SARAI (carta disponible) <\/th><th><\/th><th>Oportunidades dadas por los productos SARAI que est\u00e1n m\u00e1s all\u00e1 del impacto directo<\/th><\/tr><\/thead><tbody><tr><td>Ciencia<\/td><td>Universidad, Institutos de investigaci\u00f3n (p\u00fablico)<\/td><td><a href=\"https:\/\/www.uc3m.es\/ss\/Satellite\/UC3MInstitucional\/es\/Detalle\/Organismo_C\/1371213288068\/1371206581851\/Instituto_UC3M-Santander_de_Big_Data\" target=\"_blank\" rel=\"noreferrer noopener\">Instituto uc3m-Santander Big Data<\/a><\/td><td><figure class=\"wp-block-image size-thumbnail is-resized\"><img decoding=\"async\" src=\"https:\/\/sarai.igme.es\/wp-content\/uploads\/IBiDat-150x84.png\" alt=\"\" class=\"wp-image-824\" width=\"113\" height=\"63\" srcset=\"https:\/\/sarai.igme.es\/wp-content\/uploads\/IBiDat-150x84.png 150w, https:\/\/sarai.igme.es\/wp-content\/uploads\/IBiDat-300x169.png 300w, https:\/\/sarai.igme.es\/wp-content\/uploads\/IBiDat-768x432.png 768w, https:\/\/sarai.igme.es\/wp-content\/uploads\/IBiDat.png 800w\" sizes=\"(max-width: 113px) 100vw, 113px\" \/><\/figure><\/td><td>Contribuir al conocimiento cient\u00edfico de la caracterizaci\u00f3n del movimiento terrestre basado en observaciones satelitales.<\/td><\/tr><tr><td>Sociedad<\/td><td>Ordenaci\u00f3n del territorio (p\u00fablico)<\/td><td><a href=\"https:\/\/www.ign.es\/web\/ign\/portal\" target=\"_blank\" rel=\"noreferrer noopener\">Instituto Geogr\u00e1fico Nacional<\/a><\/td><td><figure class=\"wp-block-image size-thumbnail is-resized\"><img decoding=\"async\" src=\"https:\/\/sarai.igme.es\/wp-content\/uploads\/IGN-150x100.jpg\" alt=\"\" class=\"wp-image-854\" width=\"113\" height=\"75\" srcset=\"https:\/\/sarai.igme.es\/wp-content\/uploads\/IGN-150x100.jpg 150w, https:\/\/sarai.igme.es\/wp-content\/uploads\/IGN-300x200.jpg 300w, https:\/\/sarai.igme.es\/wp-content\/uploads\/IGN-1024x682.jpg 1024w, https:\/\/sarai.igme.es\/wp-content\/uploads\/IGN-768x512.jpg 768w, https:\/\/sarai.igme.es\/wp-content\/uploads\/IGN-1536x1024.jpg 1536w, https:\/\/sarai.igme.es\/wp-content\/uploads\/IGN-2048x1365.jpg 2048w\" sizes=\"(max-width: 113px) 100vw, 113px\" \/><\/figure><\/td><td>Proporcionar informaci\u00f3n sobre la deformaci\u00f3n del suelo que mejore la planificaci\u00f3n del uso de la tierra y disminuya el costo para los municipios.<\/td><\/tr><tr><td>Sociedad<\/td><td>Gesti\u00f3n de riesgos para riesgos geogr\u00e1ficos (p\u00fablico)<\/td><td><a href=\"https:\/\/www.eurogeosurveys.org\/\" target=\"_blank\" rel=\"noreferrer noopener\">Grupo de Expertos en Observaci\u00f3n de la Tierra y Riesgos Geol\u00f3gicos de Europa<\/a><\/td><td><figure class=\"wp-block-image size-thumbnail is-resized\"><img decoding=\"async\" src=\"https:\/\/sarai.igme.es\/wp-content\/uploads\/eurogeosurveys-150x89.jpg\" alt=\"\" class=\"wp-image-821\" width=\"113\" height=\"67\" srcset=\"https:\/\/sarai.igme.es\/wp-content\/uploads\/eurogeosurveys-150x89.jpg 150w, https:\/\/sarai.igme.es\/wp-content\/uploads\/eurogeosurveys-300x178.jpg 300w, https:\/\/sarai.igme.es\/wp-content\/uploads\/eurogeosurveys-1024x606.jpg 1024w, https:\/\/sarai.igme.es\/wp-content\/uploads\/eurogeosurveys-768x455.jpg 768w, https:\/\/sarai.igme.es\/wp-content\/uploads\/eurogeosurveys.jpg 1160w\" sizes=\"(max-width: 113px) 100vw, 113px\" \/><\/figure><\/td><td>Mejorar los planes dedicados a la protecci\u00f3n contra los riesgos naturales (por ejemplo, deslizamientos de tierra) y antropog\u00e9nicos (por ejemplo, el impacto de los trabajos de excavaci\u00f3n).<\/td><\/tr><tr><td>Medio Ambiente<\/td><td>Gesti\u00f3n de riesgos para desastres ambientales (p\u00fablico)<\/td><td><a href=\"https:\/\/www.miteco.gob.es\/es\/\" target=\"_blank\" rel=\"noreferrer noopener\">Ministerio para la Transici\u00f3n Ecol\u00f3gica y Reto Demogr\u00e1fico<\/a><br><a href=\"https:\/\/www.wwf.es\/\" target=\"_blank\" rel=\"noreferrer noopener\">WWW Adena<\/a><\/td><td><figure class=\"wp-block-image size-thumbnail is-resized\"><img decoding=\"async\" src=\"https:\/\/sarai.igme.es\/wp-content\/uploads\/Logo_MTERD-150x97.png\" alt=\"\" class=\"wp-image-825\" width=\"113\" height=\"73\" srcset=\"https:\/\/sarai.igme.es\/wp-content\/uploads\/Logo_MTERD-150x97.png 150w, https:\/\/sarai.igme.es\/wp-content\/uploads\/Logo_MTERD-300x194.png 300w, https:\/\/sarai.igme.es\/wp-content\/uploads\/Logo_MTERD.png 605w\" sizes=\"(max-width: 113px) 100vw, 113px\" \/><\/figure><br><figure class=\"wp-block-image size-thumbnail is-resized\"><img decoding=\"async\" src=\"https:\/\/sarai.igme.es\/wp-content\/uploads\/wwf-logo-115x150.png\" alt=\"\" class=\"wp-image-820\" width=\"86\" height=\"113\" srcset=\"https:\/\/sarai.igme.es\/wp-content\/uploads\/wwf-logo-115x150.png 115w, https:\/\/sarai.igme.es\/wp-content\/uploads\/wwf-logo-229x300.png 229w, https:\/\/sarai.igme.es\/wp-content\/uploads\/wwf-logo-782x1024.png 782w, https:\/\/sarai.igme.es\/wp-content\/uploads\/wwf-logo-768x1005.png 768w, https:\/\/sarai.igme.es\/wp-content\/uploads\/wwf-logo.png 884w\" sizes=\"(max-width: 86px) 100vw, 86px\" \/><\/figure><\/td><td>Localice los ecosistemas en riesgo debido a la sobreexplotaci\u00f3n del agua (que desencadena el hundimiento de la tierra) o los movimientos del suelo.<\/td><\/tr><tr><td>Progreso tecnol\u00f3gico <br>y econ\u00f3mico<\/td><td>Teledetecci\u00f3n y empresas especializadas InSAR (privadas)<\/td><td><a href=\"https:\/\/geokinesia.com\/\" target=\"_blank\" rel=\"noreferrer noopener\">Geokinesia (start-up)<\/a><br><a href=\"https:\/\/detektia.com\/\" target=\"_blank\" rel=\"noreferrer noopener\">Detektia (start-up)<\/a><br><a href=\"http:\/\/dares.tech\/\" target=\"_blank\" rel=\"noreferrer noopener\">Dares<\/a><\/td><td><figure class=\"wp-block-image size-thumbnail is-resized\"><img decoding=\"async\" src=\"https:\/\/sarai.igme.es\/wp-content\/uploads\/geokinesia-150x39.jpg\" alt=\"\" class=\"wp-image-822\" width=\"113\" height=\"29\" srcset=\"https:\/\/sarai.igme.es\/wp-content\/uploads\/geokinesia-150x39.jpg 150w, https:\/\/sarai.igme.es\/wp-content\/uploads\/geokinesia-300x78.jpg 300w, https:\/\/sarai.igme.es\/wp-content\/uploads\/geokinesia-1024x265.jpg 1024w, https:\/\/sarai.igme.es\/wp-content\/uploads\/geokinesia-768x198.jpg 768w, https:\/\/sarai.igme.es\/wp-content\/uploads\/geokinesia-1536x397.jpg 1536w, https:\/\/sarai.igme.es\/wp-content\/uploads\/geokinesia.jpg 1680w\" sizes=\"(max-width: 113px) 100vw, 113px\" \/><\/figure><br><figure class=\"wp-block-image size-thumbnail is-resized\"><img decoding=\"async\" src=\"https:\/\/sarai.igme.es\/wp-content\/uploads\/detektia_alargado-150x39.jpg\" alt=\"\" class=\"wp-image-866\" width=\"113\" height=\"29\" srcset=\"https:\/\/sarai.igme.es\/wp-content\/uploads\/detektia_alargado-150x39.jpg 150w, https:\/\/sarai.igme.es\/wp-content\/uploads\/detektia_alargado-300x79.jpg 300w, https:\/\/sarai.igme.es\/wp-content\/uploads\/detektia_alargado-1024x269.jpg 1024w, https:\/\/sarai.igme.es\/wp-content\/uploads\/detektia_alargado-768x202.jpg 768w, https:\/\/sarai.igme.es\/wp-content\/uploads\/detektia_alargado-1536x403.jpg 1536w, https:\/\/sarai.igme.es\/wp-content\/uploads\/detektia_alargado.jpg 1920w\" sizes=\"(max-width: 113px) 100vw, 113px\" \/><\/figure><br><figure class=\"wp-block-image size-thumbnail is-resized\"><img decoding=\"async\" src=\"https:\/\/sarai.igme.es\/wp-content\/uploads\/DARES_400-150x150.jpg\" alt=\"\" class=\"wp-image-869\" width=\"113\" height=\"113\" srcset=\"https:\/\/sarai.igme.es\/wp-content\/uploads\/DARES_400-150x150.jpg 150w, https:\/\/sarai.igme.es\/wp-content\/uploads\/DARES_400-300x300.jpg 300w, https:\/\/sarai.igme.es\/wp-content\/uploads\/DARES_400.jpg 400w\" sizes=\"(max-width: 113px) 100vw, 113px\" \/><\/figure><\/td><td>Mejorar las herramientas que se utilizan para analizar los datos de InSAR.<\/td><\/tr><tr><td>Progreso tecnol\u00f3gico <br>y econ\u00f3mico<\/td><td>Empresas de tecnolog\u00eda digital (privadas)<\/td><td><a href=\"https:\/\/www.singularpeople.com\/\" target=\"_blank\" rel=\"noreferrer noopener\">Singular People S.L.<\/a><\/td><td><figure class=\"wp-block-image size-thumbnail is-resized\"><img decoding=\"async\" src=\"https:\/\/sarai.igme.es\/wp-content\/uploads\/singular_480-150x150.png\" alt=\"\" class=\"wp-image-872\" width=\"113\" height=\"113\" srcset=\"https:\/\/sarai.igme.es\/wp-content\/uploads\/singular_480-150x150.png 150w, https:\/\/sarai.igme.es\/wp-content\/uploads\/singular_480-300x300.png 300w, https:\/\/sarai.igme.es\/wp-content\/uploads\/singular_480.png 480w\" sizes=\"(max-width: 113px) 100vw, 113px\" \/><\/figure><\/td><td>Promover el desarrollo de empresas de tecnolog\u00eda digital (Big Data, IA, Agile, Blockchain, etc.)<\/td><\/tr><tr><td>Progreso tecnol\u00f3gico <br>y econ\u00f3mico<\/td><td>Responsable de infraestructuras (p\u00fablico\/privado)<\/td><td><a href=\"https:\/\/www.comsa.com\/\" target=\"_blank\" rel=\"noreferrer noopener\">COMSA<\/a><\/td><td><figure class=\"wp-block-image size-thumbnail is-resized\"><img decoding=\"async\" src=\"https:\/\/sarai.igme.es\/wp-content\/uploads\/Logotipo_COMSA_big-150x75.png\" alt=\"\" class=\"wp-image-877\" width=\"113\" height=\"56\" srcset=\"https:\/\/sarai.igme.es\/wp-content\/uploads\/Logotipo_COMSA_big-150x75.png 150w, https:\/\/sarai.igme.es\/wp-content\/uploads\/Logotipo_COMSA_big-300x150.png 300w, https:\/\/sarai.igme.es\/wp-content\/uploads\/Logotipo_COMSA_big-1024x513.png 1024w, https:\/\/sarai.igme.es\/wp-content\/uploads\/Logotipo_COMSA_big-768x385.png 768w, https:\/\/sarai.igme.es\/wp-content\/uploads\/Logotipo_COMSA_big.png 1200w\" sizes=\"(max-width: 113px) 100vw, 113px\" \/><\/figure><\/td><td>Motivar a las entidades encargadas de las infraestructuras civiles a utilizar la tecnolog\u00eda basada en InSAR como herramienta de control.<\/td><\/tr><tr><td>Progreso tecnol\u00f3gico <br>y econ\u00f3mico<\/td><td>Compa\u00f1\u00edas de seguros y consorcio (privado)<\/td><td><a href=\"https:\/\/portal-empleado.isdefe.es\/consorcio-compensaci-n-seguros?language=es\" target=\"_blank\" rel=\"noreferrer noopener\">Consorcio de Compensaci\u00f3n de Seguros<\/a><\/td><td><figure class=\"wp-block-image size-thumbnail is-resized\"><img decoding=\"async\" src=\"https:\/\/sarai.igme.es\/wp-content\/uploads\/consorcio_compensacion_seguros-147x150.jpg\" alt=\"\" class=\"wp-image-880\" width=\"110\" height=\"113\" srcset=\"https:\/\/sarai.igme.es\/wp-content\/uploads\/consorcio_compensacion_seguros-147x150.jpg 147w, https:\/\/sarai.igme.es\/wp-content\/uploads\/consorcio_compensacion_seguros-295x300.jpg 295w, https:\/\/sarai.igme.es\/wp-content\/uploads\/consorcio_compensacion_seguros.jpg 744w\" sizes=\"(max-width: 110px) 100vw, 110px\" \/><\/figure><\/td><td>Activar el uso de tecnolog\u00eda InSAR para compa\u00f1\u00edas de seguros (sector privado)<\/td><\/tr><\/tbody><\/table><\/figure>\n\n\n\n<div style=\"height:100px\" aria-hidden=\"true\" class=\"wp-block-spacer\"><\/div>\n","protected":false},"excerpt":{"rendered":"<p>Beneficiarios previstos en Ciencia, Medio Ambiente, Sociedad, Progreso tecnol\u00f3gico, Econom\u00eda\/Competitividad, Entidades Promotoras Observadoras que apoyan a SARAI con una carta (EPO). Tipo Sector Entidades promotoras observadoras que apoyan a SARAI (carta disponible) Oportunidades dadas por los productos SARAI que est\u00e1n m\u00e1s all\u00e1 del impacto directo Ciencia Universidad, Institutos de investigaci\u00f3n (p\u00fablico) Instituto uc3m-Santander Big Data [&hellip;]<\/p>\n","protected":false},"author":1,"featured_media":0,"parent":0,"menu_order":0,"comment_status":"closed","ping_status":"closed","template":"","meta":{"_uag_custom_page_level_css":"","site-sidebar-layout":"no-sidebar","site-content-layout":"plain-container","ast-site-content-layout":"default","site-content-style":"default","site-sidebar-style":"default","ast-global-header-display":"","ast-banner-title-visibility":"","ast-main-header-display":"","ast-hfb-above-header-display":"","ast-hfb-below-header-display":"","ast-hfb-mobile-header-display":"","site-post-title":"","ast-breadcrumbs-content":"","ast-featured-img":"","footer-sml-layout":"","ast-disable-related-posts":"","theme-transparent-header-meta":"","adv-header-id-meta":"","stick-header-meta":"","header-above-stick-meta":"","header-main-stick-meta":"","header-below-stick-meta":"","astra-migrate-meta-layouts":"default","ast-page-background-enabled":"default","ast-page-background-meta":{"desktop":{"background-color":"var(--ast-global-color-4)","background-image":"","background-repeat":"repeat","background-position":"center center","background-size":"auto","background-attachment":"scroll","background-type":"","background-media":"","overlay-type":"","overlay-color":"","overlay-opacity":"","overlay-gradient":""},"tablet":{"background-color":"","background-image":"","background-repeat":"repeat","background-position":"center center","background-size":"auto","background-attachment":"scroll","background-type":"","background-media":"","overlay-type":"","overlay-color":"","overlay-opacity":"","overlay-gradient":""},"mobile":{"background-color":"","background-image":"","background-repeat":"repeat","background-position":"center center","background-size":"auto","background-attachment":"scroll","background-type":"","background-media":"","overlay-type":"","overlay-color":"","overlay-opacity":"","overlay-gradient":""}},"ast-content-background-meta":{"desktop":{"background-color":"var(--ast-global-color-5)","background-image":"","background-repeat":"repeat","background-position":"center center","background-size":"auto","background-attachment":"scroll","background-type":"","background-media":"","overlay-type":"","overlay-color":"","overlay-opacity":"","overlay-gradient":""},"tablet":{"background-color":"var(--ast-global-color-5)","background-image":"","background-repeat":"repeat","background-position":"center center","background-size":"auto","background-attachment":"scroll","background-type":"","background-media":"","overlay-type":"","overlay-color":"","overlay-opacity":"","overlay-gradient":""},"mobile":{"background-color":"var(--ast-global-color-5)","background-image":"","background-repeat":"repeat","background-position":"center center","background-size":"auto","background-attachment":"scroll","background-type":"","background-media":"","overlay-type":"","overlay-color":"","overlay-opacity":"","overlay-gradient":""}},"footnotes":""},"class_list":["post-47","page","type-page","status-publish","hentry"],"featured_image_src":null,"uagb_featured_image_src":{"full":false,"thumbnail":false,"medium":false,"medium_large":false,"large":false,"1536x1536":false,"2048x2048":false},"uagb_author_info":{"display_name":"saraiadm","author_link":"https:\/\/sarai.igme.es\/index.php\/author\/saraiadm\/"},"uagb_comment_info":0,"uagb_excerpt":"Beneficiarios previstos en Ciencia, Medio Ambiente, Sociedad, Progreso tecnol\u00f3gico, Econom\u00eda\/Competitividad, Entidades Promotoras Observadoras que apoyan a SARAI con una carta (EPO). Tipo Sector Entidades promotoras observadoras que apoyan a SARAI (carta disponible) Oportunidades dadas por los productos SARAI que est\u00e1n m\u00e1s all\u00e1 del impacto directo Ciencia Universidad, Institutos de investigaci\u00f3n (p\u00fablico) Instituto uc3m-Santander Big Data&hellip;","_links":{"self":[{"href":"https:\/\/sarai.igme.es\/index.php\/wp-json\/wp\/v2\/pages\/47","targetHints":{"allow":["GET"]}}],"collection":[{"href":"https:\/\/sarai.igme.es\/index.php\/wp-json\/wp\/v2\/pages"}],"about":[{"href":"https:\/\/sarai.igme.es\/index.php\/wp-json\/wp\/v2\/types\/page"}],"author":[{"embeddable":true,"href":"https:\/\/sarai.igme.es\/index.php\/wp-json\/wp\/v2\/users\/1"}],"replies":[{"embeddable":true,"href":"https:\/\/sarai.igme.es\/index.php\/wp-json\/wp\/v2\/comments?post=47"}],"version-history":[{"count":28,"href":"https:\/\/sarai.igme.es\/index.php\/wp-json\/wp\/v2\/pages\/47\/revisions"}],"predecessor-version":[{"id":1051,"href":"https:\/\/sarai.igme.es\/index.php\/wp-json\/wp\/v2\/pages\/47\/revisions\/1051"}],"wp:attachment":[{"href":"https:\/\/sarai.igme.es\/index.php\/wp-json\/wp\/v2\/media?parent=47"}],"curies":[{"name":"wp","href":"https:\/\/api.w.org\/{rel}","templated":true}]}}